{"id":35,"date":"2022-03-03T20:15:52","date_gmt":"2022-03-03T20:15:52","guid":{"rendered":"https:\/\/heliostecnologiasolar.net\/paneles-solares\/?page_id=35"},"modified":"2022-03-04T18:40:26","modified_gmt":"2022-03-04T18:40:26","slug":"aviso-de-privacidad","status":"publish","type":"page","link":"https:\/\/heliostecnologiasolar.net\/paneles-solares\/aviso-de-privacidad\/","title":{"rendered":"Aviso de Privacidad"},"content":{"rendered":"<div class=\"wrap-content bg-breadcrumbs\"><div class=\"container\"><ol class=\"breadcrumbs\">\n<li><a class=\"breadcrumbs-home\" href=\"https:\/\/heliostecnologiasolar.net\/paneles-solares\"><small><svg xmlns=\"http:\/\/www.w3.org\/2000\/svg\" viewBox=\"0 0 576 512\"><path d=\"M575.8 255.5C575.8 273.5 560.8 287.6 543.8 287.6H511.8L512.5 447.7C512.5 450.5 512.3 453.1 512 455.8V472C512 494.1 494.1 512 472 512H456C454.9 512 453.8 511.1 452.7 511.9C451.3 511.1 449.9 512 448.5 512H392C369.9 512 352 494.1 352 472V384C352 366.3 337.7 352 320 352H256C238.3 352 224 366.3 224 384V472C224 494.1 206.1 512 184 512H128.1C126.6 512 125.1 511.9 123.6 511.8C122.4 511.9 121.2 512 120 512H104C81.91 512 64 494.1 64 472V360C64 359.1 64.03 358.1 64.09 357.2V287.6H32.05C14.02 287.6 0 273.5 0 255.5C0 246.5 3.004 238.5 10.01 231.5L266.4 8.016C273.4 1.002 281.4 0 288.4 0C295.4 0 303.4 2.004 309.5 7.014L564.8 231.5C572.8 238.5 576.9 246.5 575.8 255.5L575.8 255.5z\"\/><\/svg><\/small><span>Inicio<\/span><\/a><\/li>\n \n \n \n \n \n\n\n<\/ol>\n<\/div><\/div>\n\n\n\n<section class=\"wp-block-agctexdomain-wrapper-agcblocks alignwide paddingTopBottom50 paddingTopBottomTablet50 paddingTopBottomMobile50 paddingLeftRight0 paddingLeftRightTablet0 paddingLeftRightMobile0 backgroundNoRepeat backgroundCover alturaDefault\"><div class=\"container\"><div class=\"wrapper-inner-blocks\">\n<section class=\"wp-block-agctexdomain-columnas-agcblocks alignwide columnas col-1 col-1-a paddingTopBottom0 paddingTopBottomTablet0 paddingTopBottomMobile0 alturaDefault\"><div class=\"container\">\n<div class=\"wp-block-agctexdomain-columna-agcblocks Columna ag-animation css-animacionNone alineacion-vertical-top\" data-ag-animation=\"animacionNone\" style=\"text-align:left\"><div class=\"ColumnaContent paddingTopBottom0 paddingTopBottomTablet0 paddingTopBottomMobile0 paddingLeftRight20 paddingLeftRightTablet20 paddingLeftRightMobile20\">\n<h1 class=\"wp-block-heading\">Aviso de Privacidad<\/h1>\n\n\n\n<div style=\"height:10px\" aria-hidden=\"true\" class=\"wp-block-spacer\"><\/div>\n\n\n\n<p>Con fundamento en los art\u00edculos 15 y 16 de la Ley Federal de Protecci\u00f3n de Datos Personales en Posesi\u00f3n de Particulares hacemos de su conocimiento que Helios Tecnolog\u00eda Solar, con domicilio en Calzada San Pedro 223 L-9 Col Miravalle. San Pedro Garza Garc\u00eda, N.L. es responsable de recabar sus datos personales, del uso que se le d\u00e9 a los mismos y de su protecci\u00f3n.<\/p>\n\n\n\n<p>Su informaci\u00f3n personal ser\u00e1 utilizada para las siguientes finalidades: proveer los servicios y productos que ha solicitado; notificarle sobre nuevos servicios o productos que tengan relaci\u00f3n con los ya contratados o adquiridos; comunicarle sobre cambios en los mismos; elaborar estudios y programas que son necesarios para determinar h\u00e1bitos de consumo; realizar evaluaciones peri\u00f3dicas de nuestros productos y servicios a efecto de mejorar la calidad de los mismos; evaluar la calidad del servicio que brindamos, y en general, para dar cumplimiento a las obligaciones que hemos contra\u00eddo con usted.<\/p>\n\n\n\n<p>Para las finalidades antes mencionadas, requerimos obtener los siguientes datos personales:<\/p>\n\n\n\n<ul class=\"is-style-ListCheck wp-block-list\"><li>Nombre completo.<\/li><li>Tel\u00e9fono fijo y\/o celular.<\/li><li>Correo electr\u00f3nico.<\/li><li>Direcci\u00f3n.<\/li><\/ul>\n\n\n\n<p>Es importante informarle que usted tiene derecho al Acceso, Rectificaci\u00f3n y Cancelaci\u00f3n de sus datos personales, a Oponerse al tratamiento de los mismos o a revocar el consentimiento que para dicho fin nos haya otorgado.<\/p>\n\n\n\n<p>Para ello, es necesario que env\u00ede la solicitud en los t\u00e9rminos que marca la Ley en su Art. 29 a nuestro Departamento de Protecci\u00f3n de Datos Personales, ubicado en Calzada San Pedro 223 L-9 Col Miravalle. San Pedro Garza Garc\u00eda, N.L., o bien, se comunique v\u00eda correo electr\u00f3nico a omaraguado@heliostecnologiasolar.net, el cual solicitamos confirme v\u00eda telef\u00f3nica para garantizar su correcta recepci\u00f3n.<\/p>\n\n\n\n<p>En caso de que no desee de recibir mensajes promocionales de nuestra parte, puede enviarnos su solicitud por medio de la direcci\u00f3n electr\u00f3nica: omaraguado@heliostecnologiasolar.net<\/p>\n\n\n\n<p>Importante: Cualquier modificaci\u00f3n a este aviso de privacidad podr\u00e1 consultarlo en www.heliostecnologiasolar.net<\/p>\n<\/div> <\/div>\n<\/div> <div class=\"bg-forma bg-forma-display-none\"><\/div><\/section>\n<\/div><\/div> <div class=\"bg-forma\"><\/div><\/section>\n","protected":false},"excerpt":{"rendered":"","protected":false},"author":1,"featured_media":0,"parent":0,"menu_order":0,"comment_status":"closed","ping_status":"closed","template":"","meta":{"_acf_changed":false,"footnotes":""},"class_list":["post-35","page","type-page","status-publish","hentry"],"acf":[],"yoast_head":"<!-- This site is optimized with the Yoast SEO plugin v27.4 - https:\/\/yoast.com\/product\/yoast-seo-wordpress\/ -->\n<title>Aviso de Privacidad - Helios<\/title>\n<meta name=\"robots\" content=\"index, follow, max-snippet:-1, max-image-preview:large, max-video-preview:-1\" \/>\n<link rel=\"canonical\" href=\"https:\/\/heliostecnologiasolar.net\/paneles-solares\/aviso-de-privacidad\/\" \/>\n<meta property=\"og:locale\" content=\"es_ES\" \/>\n<meta property=\"og:type\" content=\"article\" \/>\n<meta property=\"og:title\" content=\"Aviso de Privacidad - Helios\" \/>\n<meta property=\"og:url\" content=\"https:\/\/heliostecnologiasolar.net\/paneles-solares\/aviso-de-privacidad\/\" \/>\n<meta property=\"og:site_name\" content=\"Helios\" \/>\n<meta property=\"article:modified_time\" content=\"2022-03-04T18:40:26+00:00\" \/>\n<meta name=\"twitter:card\" content=\"summary_large_image\" \/>\n<meta name=\"twitter:label1\" content=\"Tiempo de lectura\" \/>\n\t<meta name=\"twitter:data1\" content=\"2 minutos\" \/>\n<script type=\"application\/ld+json\" class=\"yoast-schema-graph\">{\"@context\":\"https:\\\/\\\/schema.org\",\"@graph\":[{\"@type\":\"WebPage\",\"@id\":\"https:\\\/\\\/heliostecnologiasolar.net\\\/paneles-solares\\\/aviso-de-privacidad\\\/\",\"url\":\"https:\\\/\\\/heliostecnologiasolar.net\\\/paneles-solares\\\/aviso-de-privacidad\\\/\",\"name\":\"Aviso de Privacidad - Helios\",\"isPartOf\":{\"@id\":\"https:\\\/\\\/heliostecnologiasolar.net\\\/paneles-solares\\\/#website\"},\"datePublished\":\"2022-03-03T20:15:52+00:00\",\"dateModified\":\"2022-03-04T18:40:26+00:00\",\"breadcrumb\":{\"@id\":\"https:\\\/\\\/heliostecnologiasolar.net\\\/paneles-solares\\\/aviso-de-privacidad\\\/#breadcrumb\"},\"inLanguage\":\"es\",\"potentialAction\":[{\"@type\":\"ReadAction\",\"target\":[\"https:\\\/\\\/heliostecnologiasolar.net\\\/paneles-solares\\\/aviso-de-privacidad\\\/\"]}]},{\"@type\":\"BreadcrumbList\",\"@id\":\"https:\\\/\\\/heliostecnologiasolar.net\\\/paneles-solares\\\/aviso-de-privacidad\\\/#breadcrumb\",\"itemListElement\":[{\"@type\":\"ListItem\",\"position\":1,\"name\":\"Portada\",\"item\":\"https:\\\/\\\/heliostecnologiasolar.net\\\/paneles-solares\\\/\"},{\"@type\":\"ListItem\",\"position\":2,\"name\":\"Aviso de Privacidad\"}]},{\"@type\":\"WebSite\",\"@id\":\"https:\\\/\\\/heliostecnologiasolar.net\\\/paneles-solares\\\/#website\",\"url\":\"https:\\\/\\\/heliostecnologiasolar.net\\\/paneles-solares\\\/\",\"name\":\"Helios\",\"description\":\"Tecnolog\u00eda Solar\",\"potentialAction\":[{\"@type\":\"SearchAction\",\"target\":{\"@type\":\"EntryPoint\",\"urlTemplate\":\"https:\\\/\\\/heliostecnologiasolar.net\\\/paneles-solares\\\/?s={search_term_string}\"},\"query-input\":{\"@type\":\"PropertyValueSpecification\",\"valueRequired\":true,\"valueName\":\"search_term_string\"}}],\"inLanguage\":\"es\"}]}<\/script>\n<!-- \/ Yoast SEO plugin. -->","yoast_head_json":{"title":"Aviso de Privacidad - Helios","robots":{"index":"index","follow":"follow","max-snippet":"max-snippet:-1","max-image-preview":"max-image-preview:large","max-video-preview":"max-video-preview:-1"},"canonical":"https:\/\/heliostecnologiasolar.net\/paneles-solares\/aviso-de-privacidad\/","og_locale":"es_ES","og_type":"article","og_title":"Aviso de Privacidad - Helios","og_url":"https:\/\/heliostecnologiasolar.net\/paneles-solares\/aviso-de-privacidad\/","og_site_name":"Helios","article_modified_time":"2022-03-04T18:40:26+00:00","twitter_card":"summary_large_image","twitter_misc":{"Tiempo de lectura":"2 minutos"},"schema":{"@context":"https:\/\/schema.org","@graph":[{"@type":"WebPage","@id":"https:\/\/heliostecnologiasolar.net\/paneles-solares\/aviso-de-privacidad\/","url":"https:\/\/heliostecnologiasolar.net\/paneles-solares\/aviso-de-privacidad\/","name":"Aviso de Privacidad - Helios","isPartOf":{"@id":"https:\/\/heliostecnologiasolar.net\/paneles-solares\/#website"},"datePublished":"2022-03-03T20:15:52+00:00","dateModified":"2022-03-04T18:40:26+00:00","breadcrumb":{"@id":"https:\/\/heliostecnologiasolar.net\/paneles-solares\/aviso-de-privacidad\/#breadcrumb"},"inLanguage":"es","potentialAction":[{"@type":"ReadAction","target":["https:\/\/heliostecnologiasolar.net\/paneles-solares\/aviso-de-privacidad\/"]}]},{"@type":"BreadcrumbList","@id":"https:\/\/heliostecnologiasolar.net\/paneles-solares\/aviso-de-privacidad\/#breadcrumb","itemListElement":[{"@type":"ListItem","position":1,"name":"Portada","item":"https:\/\/heliostecnologiasolar.net\/paneles-solares\/"},{"@type":"ListItem","position":2,"name":"Aviso de Privacidad"}]},{"@type":"WebSite","@id":"https:\/\/heliostecnologiasolar.net\/paneles-solares\/#website","url":"https:\/\/heliostecnologiasolar.net\/paneles-solares\/","name":"Helios","description":"Tecnolog\u00eda Solar","potentialAction":[{"@type":"SearchAction","target":{"@type":"EntryPoint","urlTemplate":"https:\/\/heliostecnologiasolar.net\/paneles-solares\/?s={search_term_string}"},"query-input":{"@type":"PropertyValueSpecification","valueRequired":true,"valueName":"search_term_string"}}],"inLanguage":"es"}]}},"_links":{"self":[{"href":"https:\/\/heliostecnologiasolar.net\/paneles-solares\/wp-json\/wp\/v2\/pages\/35","targetHints":{"allow":["GET"]}}],"collection":[{"href":"https:\/\/heliostecnologiasolar.net\/paneles-solares\/wp-json\/wp\/v2\/pages"}],"about":[{"href":"https:\/\/heliostecnologiasolar.net\/paneles-solares\/wp-json\/wp\/v2\/types\/page"}],"author":[{"embeddable":true,"href":"https:\/\/heliostecnologiasolar.net\/paneles-solares\/wp-json\/wp\/v2\/users\/1"}],"replies":[{"embeddable":true,"href":"https:\/\/heliostecnologiasolar.net\/paneles-solares\/wp-json\/wp\/v2\/comments?post=35"}],"version-history":[{"count":0,"href":"https:\/\/heliostecnologiasolar.net\/paneles-solares\/wp-json\/wp\/v2\/pages\/35\/revisions"}],"wp:attachment":[{"href":"https:\/\/heliostecnologiasolar.net\/paneles-solares\/wp-json\/wp\/v2\/media?parent=35"}],"curies":[{"name":"wp","href":"https:\/\/api.w.org\/{rel}","templated":true}]}}